{"id":278,"date":"2026-03-10T22:25:37","date_gmt":"2026-03-10T22:25:37","guid":{"rendered":"https:\/\/www.domainedutrapadis.com\/?page_id=278"},"modified":"2026-03-26T23:11:11","modified_gmt":"2026-03-26T23:11:11","slug":"nos-vins","status":"publish","type":"page","link":"https:\/\/www.domainedutrapadis.com\/en\/nos-vins\/","title":{"rendered":"Our wines"},"content":{"rendered":"<p>[et_pb_section fb_built=\u00a0\u00bb1&Prime; fullwidth=\u00a0\u00bbon\u00a0\u00bb _builder_version=\u00a0\u00bb4.27.5&Prime; _module_preset=\u00a0\u00bbdefault\u00a0\u00bb global_colors_info=\u00a0\u00bb{}\u00a0\u00bb][et_pb_fullwidth_header background_overlay_color=\u00a0\u00bbRGBA(255,255,255,0)\u00a0\u00bb _builder_version=\u00a0\u00bb4.27.5&Prime; _module_preset=\u00a0\u00bbdefault\u00a0\u00bb title_text_align=\u00a0\u00bbcenter\u00a0\u00bb content_font_size=\u00a0\u00bb70px\u00a0\u00bb content_line_height=\u00a0\u00bb4.4em\u00a0\u00bb background_color=\u00a0\u00bbrgba(45,34,25,0.78)\u00a0\u00bb use_background_color_gradient=\u00a0\u00bbon\u00a0\u00bb background_image=\u00a0\u00bbhttps:\/\/www.domainedutrapadis.com\/wp-content\/uploads\/2026\/02\/9B0A8263-min-1-e1772234845418.jpg\u00a0\u00bb width=\u00a0\u00bb100%\u00a0\u00bb max_width=\u00a0\u00bb100%\u00a0\u00bb module_alignment=\u00a0\u00bbcenter\u00a0\u00bb min_height=\u00a0\u00bb350px\u00a0\u00bb min_height_tablet=\u00a0\u00bb350px\u00a0\u00bb min_height_phone=\u00a0\u00bb100px\u00a0\u00bb min_height_last_edited=\u00a0\u00bbon|phone\u00a0\u00bb height_tablet=\u00a0\u00bb\u00a0\u00bb height_phone=\u00a0\u00bb158px\u00a0\u00bb height_last_edited=\u00a0\u00bbon|phone\u00a0\u00bb max_height_tablet=\u00a0\u00bb\u00a0\u00bb max_height_phone=\u00a0\u00bb\u00a0\u00bb max_height_last_edited=\u00a0\u00bbon|phone\u00a0\u00bb custom_margin=\u00a0\u00bb0px||-1px||false|false\u00a0\u00bb custom_padding=\u00a0\u00bb0px||0px|||\u00a0\u00bb hover_enabled=\u00a0\u00bb0&Prime; content_font_size_tablet=\u00a0\u00bb70px\u00a0\u00bb content_font_size_phone=\u00a0\u00bb35px\u00a0\u00bb content_font_size_last_edited=\u00a0\u00bbon|phone\u00a0\u00bb content_line_height_tablet=\u00a0\u00bb4.4em\u00a0\u00bb content_line_height_phone=\u00a0\u00bb2.6em\u00a0\u00bb content_line_height_last_edited=\u00a0\u00bbon|phone\u00a0\u00bb content_text_shadow_style=\u00a0\u00bbpreset3&Prime; global_colors_info=\u00a0\u00bb{}\u00a0\u00bb sticky_enabled=\u00a0\u00bb0&Prime;]<\/p>\n<p style=\"text-align: center;\">NOS VINS<\/p>\n<p>[\/et_pb_fullwidth_header][\/et_pb_section][et_pb_section fb_built=\u00a0\u00bb1&Prime; _builder_version=\u00a0\u00bb4.27.5&Prime; _module_preset=\u00a0\u00bbdefault\u00a0\u00bb custom_padding=\u00a0\u00bb28px||28px||true|\u00a0\u00bb global_colors_info=\u00a0\u00bb{}\u00a0\u00bb][et_pb_row _builder_version=\u00a0\u00bb4.27.5&Prime; _module_preset=\u00a0\u00bbdefault\u00a0\u00bb width_tablet=\u00a0\u00bb\u00a0\u00bb width_phone=\u00a0\u00bb\u00a0\u00bb width_last_edited=\u00a0\u00bbon|phone\u00a0\u00bb max_width_tablet=\u00a0\u00bb\u00a0\u00bb max_width_phone=\u00a0\u00bb\u00a0\u00bb max_width_last_edited=\u00a0\u00bbon|phone\u00a0\u00bb min_height_tablet=\u00a0\u00bb\u00a0\u00bb min_height_phone=\u00a0\u00bb\u00a0\u00bb min_height_last_edited=\u00a0\u00bbon|phone\u00a0\u00bb height_tablet=\u00a0\u00bb\u00a0\u00bb height_phone=\u00a0\u00bb\u00a0\u00bb height_last_edited=\u00a0\u00bbon|phone\u00a0\u00bb max_height_tablet=\u00a0\u00bb\u00a0\u00bb max_height_phone=\u00a0\u00bb\u00a0\u00bb max_height_last_edited=\u00a0\u00bbon|phone\u00a0\u00bb custom_padding=\u00a0\u00bb0px||3px|||\u00a0\u00bb global_colors_info=\u00a0\u00bb{}\u00a0\u00bb][et_pb_column type=\u00a0\u00bb4_4&Prime; _builder_version=\u00a0\u00bb4.27.5&Prime; _module_preset=\u00a0\u00bbdefault\u00a0\u00bb global_colors_info=\u00a0\u00bb{}\u00a0\u00bb][et_pb_text content_tablet=\u00a0\u00bb<\/p>\n<p><em>\u00ab Le vin est une photographie d\u2019un environnement, d\u2019un climat et d\u2019un terroir, \u00e0 un moment donn\u00e9, o\u00f9 l\u2019esprit et la main de l\u2019Homme d\u00e9terminent la qualit\u00e9 du tirage \u00bb<\/em><\/p>\n<p><em>\u00ab Le vin est un doux breuvage qui doit \u00eatre partag\u00e9, ce n\u2019est pas une affaire de science, mais de sensibilit\u00e9 et de subjectivit\u00e9 ! \u00bb<\/em> Helen Durand<\/p>\n<p>\u00a0\u00bb content_phone=\u00a0\u00bb<\/p>\n<p style=%22text-align: justify;%22><em>\u00ab Le vin est une photographie d\u2019un environnement, d\u2019un climat et d\u2019un terroir, \u00e0 un moment donn\u00e9, o\u00f9 l\u2019esprit et la main de l\u2019Homme d\u00e9terminent la qualit\u00e9 du tirage \u00bb<\/em><\/p>\n<p style=%22text-align: justify;%22><em>\u00ab Le vin est un doux breuvage qui doit \u00eatre partag\u00e9, ce n\u2019est pas une affaire de science, mais de sensibilit\u00e9 et de subjectivit\u00e9 ! \u00bb<\/em> Helen Durand<\/p>\n<p>\u00a0\u00bb content_last_edited=\u00a0\u00bbon|phone\u00a0\u00bb _builder_version=\u00a0\u00bb4.27.5&Prime; _module_preset=\u00a0\u00bbdefault\u00a0\u00bb text_font=\u00a0\u00bb&#8211;et_global_body_font||||||||\u00a0\u00bb text_text_color=\u00a0\u00bbrgba(0,0,0,0.46)\u00a0\u00bb text_font_size=\u00a0\u00bb15px\u00a0\u00bb text_font_size_tablet=\u00a0\u00bb15px\u00a0\u00bb text_font_size_phone=\u00a0\u00bb14px\u00a0\u00bb text_font_size_last_edited=\u00a0\u00bbon|phone\u00a0\u00bb global_colors_info=\u00a0\u00bb{}\u00a0\u00bb]<\/p>\n<p><em>\u00ab\u00a0Le vin est une photographie d\u2019un environnement, d\u2019un climat et d\u2019un terroir, \u00e0 un moment donn\u00e9, o\u00f9 l\u2019esprit et la main de l\u2019Homme d\u00e9terminent la qualit\u00e9 du tirage\u00a0\u00bb<\/em><\/p>\n<p><em>\u00ab Le vin est un doux breuvage qui doit \u00eatre partag\u00e9, ce n\u2019est pas une affaire de science, mais de sensibilit\u00e9 et de subjectivit\u00e9 ! \u00bb<\/em> Helen Durand<\/p>\n<p>[\/et_pb_text][\/et_pb_column][\/et_pb_row][\/et_pb_section][et_pb_section fb_built=\u00a0\u00bb1&Prime; _builder_version=\u00a0\u00bb4.27.5&Prime; _module_preset=\u00a0\u00bbdefault\u00a0\u00bb custom_padding=\u00a0\u00bb1px|||||\u00a0\u00bb global_colors_info=\u00a0\u00bb{}\u00a0\u00bb][et_pb_row module_class=\u00a0\u00bbvins-portfolio\u00a0\u00bb _builder_version=\u00a0\u00bb4.27.5&Prime; _module_preset=\u00a0\u00bbdefault\u00a0\u00bb width_tablet=\u00a0\u00bb\u00a0\u00bb width_phone=\u00a0\u00bb72%\u00a0\u00bb width_last_edited=\u00a0\u00bbon|phone\u00a0\u00bb max_width_tablet=\u00a0\u00bb\u00a0\u00bb max_width_phone=\u00a0\u00bb\u00a0\u00bb max_width_last_edited=\u00a0\u00bbon|phone\u00a0\u00bb custom_padding=\u00a0\u00bb0px|||||\u00a0\u00bb custom_css_free_form=\u00a0\u00bb\/* Cache le texte d&rsquo;origine (avec chiffres) *\/||#vins-portfolio .et_pb_portfolio_filters a { font-size: 0; }||||\/* R\u00e9\u00e9crit les libell\u00e9s propres par slug (remplace les slugs ci-dessous si besoin) *\/||#vins-portfolio .et_pb_portfolio_filters a%91data-category-slug=%22vins-rouges%22%93::before { content: %22Vins rouges%22; }||#vins-portfolio .et_pb_portfolio_filters a%91data-category-slug=%22vins-blancs%22%93::before { content: %22Vins blancs%22; }||#vins-portfolio .et_pb_portfolio_filters a%91data-category-slug=%22vins-roses%22%93::before  { content: %22Vins ros\u00e9s%22; }||#vins-portfolio .et_pb_portfolio_filters a%91data-category-slug=%22vins-de-vendanges-tardives%22%93::before { content: %22Vins de vendanges tardives%22; }||#vins-portfolio .et_pb_portfolio_filters a%91data-category-slug=%22vins-doux-naturels%22%93::before { content: %22Vins doux naturels%22; }||||\/* Style du texte r\u00e9\u00e9crit (h\u00e9rite couleurs\/hover\/active) *\/||#vins-portfolio .et_pb_portfolio_filters a::before {||  font-size: 1rem;||  color: inherit;||}\u00a0\u00bb global_colors_info=\u00a0\u00bb{}\u00a0\u00bb][et_pb_column type=\u00a0\u00bb4_4&Prime; _builder_version=\u00a0\u00bb4.27.5&Prime; _module_preset=\u00a0\u00bbdefault\u00a0\u00bb global_colors_info=\u00a0\u00bb{}\u00a0\u00bb][et_pb_filterable_portfolio fullwidth=\u00a0\u00bboff\u00a0\u00bb posts_number=\u00a0\u00bb11&Prime; include_categories=\u00a0\u00bb10,11,15,16,13&Prime; show_categories=\u00a0\u00bboff\u00a0\u00bb show_pagination=\u00a0\u00bboff\u00a0\u00bb module_id=\u00a0\u00bbvins-portfolio\u00a0\u00bb _builder_version=\u00a0\u00bb4.27.5&Prime; _module_preset=\u00a0\u00bbdefault\u00a0\u00bb title_font=\u00a0\u00bb&#8211;et_global_body_font||||||||\u00a0\u00bb title_text_align=\u00a0\u00bbcenter\u00a0\u00bb filter_font=\u00a0\u00bbEB Garamond||||||||\u00a0\u00bb filter_text_color=\u00a0\u00bb#000000&Prime; filter_font_size=\u00a0\u00bb18px\u00a0\u00bb filter_line_height=\u00a0\u00bb0.9em\u00a0\u00bb caption_text_color=\u00a0\u00bbRGBA(255,255,255,0)\u00a0\u00bb caption_font_size=\u00a0\u00bb12px\u00a0\u00bb pagination_text_align=\u00a0\u00bbcenter\u00a0\u00bb width=\u00a0\u00bb100%\u00a0\u00bb width_tablet=\u00a0\u00bb100%\u00a0\u00bb width_phone=\u00a0\u00bb100%\u00a0\u00bb width_last_edited=\u00a0\u00bbon|phone\u00a0\u00bb max_width=\u00a0\u00bb100%\u00a0\u00bb max_width_tablet=\u00a0\u00bb100%\u00a0\u00bb max_width_phone=\u00a0\u00bb100%\u00a0\u00bb max_width_last_edited=\u00a0\u00bbon|phone\u00a0\u00bb min_height=\u00a0\u00bb780px\u00a0\u00bb custom_margin=\u00a0\u00bb0px||||false|false\u00a0\u00bb custom_padding=\u00a0\u00bb0px|0px|0px||false|false\u00a0\u00bb custom_css_free_form=\u00a0\u00bb\/* &#8212; Fix bouton %22Tout%22 (case vide) &#8212; *\/||#vins-portfolio .et_pb_portfolio_filters li.et_pb_portfolio_filter_all a::before,||#vins-portfolio .et_pb_portfolio_filters li:first-child a::before{||  content: %22Tous les vins%22; \/* ou %22Tous les vins%22 si tu pr\u00e9f\u00e8res *\/||}||\/* Cache le texte original (avec les chiffres) *\/||#vins-portfolio .et_pb_portfolio_filters a{||  font-size: 0 !important;||}||||\/* Affiche nos libell\u00e9s propres *\/||#vins-portfolio .et_pb_portfolio_filters a::before{||  font-size: 1rem !important;||  line-height: 1.2;||  font-family: inherit;||  font-weight: inherit;||  color: inherit;||  display: inline-block;||  white-space: nowrap;||}||||\/* 1 = Tous les vins (filtre %22All%22) *\/||#vins-portfolio .et_pb_portfolio_filters li:nth-child(1) a::before{||  content: %22Tous les vins%22;||}||||\/* 2..6 = tes cat\u00e9gories, dans l&rsquo;ordre affich\u00e9 *\/||#vins-portfolio .et_pb_portfolio_filters li:nth-child(2) a::before{ content: %22Vins rouges%22; }||#vins-portfolio .et_pb_portfolio_filters li:nth-child(3) a::before{ content: %22Vins blancs%22; }||#vins-portfolio .et_pb_portfolio_filters li:nth-child(4) a::before{ content: %22Vins ros\u00e9s%22; }||#vins-portfolio .et_pb_portfolio_filters li:nth-child(5) a::before{ content: %22Vins doux naturels%22; }||#vins-portfolio .et_pb_portfolio_filters li:nth-child(6) a::before{ content: %22Vins de vendanges de Novembre%22; }\u00a0\u00bb global_colors_info=\u00a0\u00bb{}\u00a0\u00bb][\/et_pb_filterable_portfolio][\/et_pb_column][\/et_pb_row][\/et_pb_section]<\/p>\n","protected":false},"excerpt":{"rendered":"<p>NOS VINS\u00ab\u00a0Le vin est une photographie d\u2019un environnement, d\u2019un climat et d\u2019un terroir, \u00e0 un moment donn\u00e9, o\u00f9 l\u2019esprit et la main de l\u2019Homme d\u00e9terminent la qualit\u00e9 du tirage\u00a0\u00bb \u00ab Le vin est un doux breuvage qui doit \u00eatre partag\u00e9, ce n\u2019est pas une affaire de science, mais de sensibilit\u00e9 et de subjectivit\u00e9 ! \u00bb [&hellip;]<\/p>\n","protected":false},"author":2,"featured_media":0,"parent":0,"menu_order":0,"comment_status":"closed","ping_status":"closed","template":"","meta":{"_et_pb_use_builder":"on","_et_pb_old_content":"<!-- wp:divi\/placeholder \/-->","_et_gb_content_width":"","footnotes":""},"class_list":["post-278","page","type-page","status-publish","hentry"],"_links":{"self":[{"href":"https:\/\/www.domainedutrapadis.com\/en\/wp-json\/wp\/v2\/pages\/278","targetHints":{"allow":["GET"]}}],"collection":[{"href":"https:\/\/www.domainedutrapadis.com\/en\/wp-json\/wp\/v2\/pages"}],"about":[{"href":"https:\/\/www.domainedutrapadis.com\/en\/wp-json\/wp\/v2\/types\/page"}],"author":[{"embeddable":true,"href":"https:\/\/www.domainedutrapadis.com\/en\/wp-json\/wp\/v2\/users\/2"}],"replies":[{"embeddable":true,"href":"https:\/\/www.domainedutrapadis.com\/en\/wp-json\/wp\/v2\/comments?post=278"}],"version-history":[{"count":37,"href":"https:\/\/www.domainedutrapadis.com\/en\/wp-json\/wp\/v2\/pages\/278\/revisions"}],"predecessor-version":[{"id":1432,"href":"https:\/\/www.domainedutrapadis.com\/en\/wp-json\/wp\/v2\/pages\/278\/revisions\/1432"}],"wp:attachment":[{"href":"https:\/\/www.domainedutrapadis.com\/en\/wp-json\/wp\/v2\/media?parent=278"}],"curies":[{"name":"wp","href":"https:\/\/api.w.org\/{rel}","templated":true}]}}