{"id":875,"date":"2026-03-11T18:05:14","date_gmt":"2026-03-11T18:05:14","guid":{"rendered":"https:\/\/www.domainedutrapadis.com\/?page_id=875"},"modified":"2026-03-11T18:11:30","modified_gmt":"2026-03-11T18:11:30","slug":"politique-de-confidentialite","status":"publish","type":"page","link":"https:\/\/www.domainedutrapadis.com\/en\/politique-de-confidentialite\/","title":{"rendered":"Privacy policy"},"content":{"rendered":"<p>[et_pb_section fb_built=\u00a0\u00bb1&Prime; _builder_version=\u00a0\u00bb4.27.5&Prime; _module_preset=\u00a0\u00bbdefault\u00a0\u00bb custom_padding=\u00a0\u00bb0px||0px|||\u00a0\u00bb global_colors_info=\u00a0\u00bb{}\u00a0\u00bb][et_pb_row _builder_version=\u00a0\u00bb4.27.5&Prime; _module_preset=\u00a0\u00bbdefault\u00a0\u00bb custom_padding=\u00a0\u00bb|||0px||\u00a0\u00bb global_colors_info=\u00a0\u00bb{}\u00a0\u00bb][et_pb_column type=\u00a0\u00bb4_4&Prime; _builder_version=\u00a0\u00bb4.27.5&Prime; _module_preset=\u00a0\u00bbdefault\u00a0\u00bb global_colors_info=\u00a0\u00bb{}\u00a0\u00bb][et_pb_menu dropdown_menu_bg_color=\u00a0\u00bb#E09900&Prime; logo=\u00a0\u00bbhttps:\/\/www.domainedutrapadis.com\/wp-content\/uploads\/2026\/02\/logo2010-copie.png\u00a0\u00bb logo_url=\u00a0\u00bbhttps:\/\/www.domainedutrapadis.com\/\u00a0\u00bb logo_width=\u00a0\u00bb19%\u00a0\u00bb show_search_icon=\u00a0\u00bbon\u00a0\u00bb _builder_version=\u00a0\u00bb4.27.5&Prime; _module_preset=\u00a0\u00bbdefault\u00a0\u00bb menu_font=\u00a0\u00bb&#8211;et_global_body_font||||||||\u00a0\u00bb menu_font_size=\u00a0\u00bb19px\u00a0\u00bb background_color=\u00a0\u00bbRGBA(255,255,255,0)\u00a0\u00bb text_orientation=\u00a0\u00bbright\u00a0\u00bb width=\u00a0\u00bb100%\u00a0\u00bb global_colors_info=\u00a0\u00bb{}\u00a0\u00bb][\/et_pb_menu][\/et_pb_column][\/et_pb_row][\/et_pb_section][et_pb_section fb_built=\u00a0\u00bb1&Prime; _builder_version=\u00a0\u00bb4.27.5&Prime; _module_preset=\u00a0\u00bbdefault\u00a0\u00bb custom_padding=\u00a0\u00bb6px|||||\u00a0\u00bb global_colors_info=\u00a0\u00bb{}\u00a0\u00bb][et_pb_row _builder_version=\u00a0\u00bb4.27.5&Prime; _module_preset=\u00a0\u00bbdefault\u00a0\u00bb custom_margin=\u00a0\u00bb14px|auto|-19px|auto||\u00a0\u00bb custom_padding=\u00a0\u00bb7px|||||\u00a0\u00bb global_colors_info=\u00a0\u00bb{}\u00a0\u00bb][et_pb_column type=\u00a0\u00bb4_4&Prime; _builder_version=\u00a0\u00bb4.27.5&Prime; _module_preset=\u00a0\u00bbdefault\u00a0\u00bb global_colors_info=\u00a0\u00bb{}\u00a0\u00bb][et_pb_heading title=\u00a0\u00bbPolitique de confidentialit\u00e9\u00a0\u00bb _builder_version=\u00a0\u00bb4.27.5&Prime; _module_preset=\u00a0\u00bbdefault\u00a0\u00bb title_font=\u00a0\u00bb&#8211;et_global_body_font|||||on|||\u00a0\u00bb width=\u00a0\u00bb35%\u00a0\u00bb border_width_bottom=\u00a0\u00bb2px\u00a0\u00bb border_color_bottom=\u00a0\u00bb#be9e55&Prime; global_colors_info=\u00a0\u00bb{}\u00a0\u00bb][\/et_pb_heading][\/et_pb_column][\/et_pb_row][et_pb_row _builder_version=\u00a0\u00bb4.27.5&Prime; _module_preset=\u00a0\u00bbdefault\u00a0\u00bb global_colors_info=\u00a0\u00bb{}\u00a0\u00bb][et_pb_column type=\u00a0\u00bb4_4&Prime; _builder_version=\u00a0\u00bb4.27.5&Prime; _module_preset=\u00a0\u00bbdefault\u00a0\u00bb global_colors_info=\u00a0\u00bb{}\u00a0\u00bb][et_pb_text _builder_version=\u00a0\u00bb4.27.5&Prime; _module_preset=\u00a0\u00bbdefault\u00a0\u00bb text_font=\u00a0\u00bbEB Garamond||||||||\u00a0\u00bb text_text_color=\u00a0\u00bb#000000&Prime; text_font_size=\u00a0\u00bb15px\u00a0\u00bb header_font=\u00a0\u00bb&#8211;et_global_body_font||||||||\u00a0\u00bb header_3_font=\u00a0\u00bb&#8211;et_global_body_font||||on||||\u00a0\u00bb hover_enabled=\u00a0\u00bb0&Prime; global_colors_info=\u00a0\u00bb{}\u00a0\u00bb sticky_enabled=\u00a0\u00bb0&Prime;]<\/p>\n<p data-start=\"331\" data-end=\"368\"><strong data-start=\"331\" data-end=\"368\">Derni\u00e8re mise \u00e0 jour : 11\/03\/2026<\/strong><\/p>\n<h3 data-section-id=\"1ao3q0u\" data-start=\"370\" data-end=\"402\">1) Responsable de traitement<\/h3>\n<p data-start=\"403\" data-end=\"615\">Les donn\u00e9es personnelles collect\u00e9es sur ce site sont trait\u00e9es par :<br data-start=\"470\" data-end=\"473\" \/><strong data-start=\"473\" data-end=\"501\">EARL Domaine du Trapadis<\/strong><br data-start=\"501\" data-end=\"504\" \/><strong data-start=\"504\" data-end=\"517\">Adresse :<\/strong> 2302 Route d\u2019Orange, 84110 Rasteau (France)<br data-start=\"561\" data-end=\"564\" \/><strong data-start=\"564\" data-end=\"590\">Email (contact RGPD) :<\/strong> <a data-start=\"591\" data-end=\"615\" class=\"decorated-link cursor-pointer\" rel=\"noopener\">hd@domainedutrapadis.com<span aria-hidden=\"true\" class=\"ms-0.5 inline-block align-middle leading-none\"><svg xmlns=\"http:\/\/www.w3.org\/2000\/svg\" width=\"20\" height=\"20\" aria-hidden=\"true\" data-rtl-flip=\"\" class=\"block h-[0.75em] w-[0.75em] stroke-current stroke-[0.75]\"><use href=\"\/cdn\/assets\/sprites-core-fk4oovux.svg#304883\" fill=\"currentColor\"><\/use><\/svg><\/span><\/a><\/p>\n<h3 data-section-id=\"14nfg08\" data-start=\"617\" data-end=\"642\">2) Donn\u00e9es collect\u00e9es<\/h3>\n<p data-start=\"643\" data-end=\"721\">Nous collectons uniquement les donn\u00e9es n\u00e9cessaires selon votre usage du site :<\/p>\n<ul data-start=\"722\" data-end=\"1555\">\n<li data-section-id=\"1x74h02\" data-start=\"722\" data-end=\"841\">\n<p data-start=\"724\" data-end=\"841\"><strong data-start=\"724\" data-end=\"749\">Formulaire de contact<\/strong> : nom\/pr\u00e9nom, email, t\u00e9l\u00e9phone (si renseign\u00e9), message.<\/p>\n<\/li>\n<li data-section-id=\"pzwqb3\" data-start=\"842\" data-end=\"1015\">\n<p data-start=\"844\" data-end=\"1015\"><strong data-start=\"844\" data-end=\"866\">Donn\u00e9es techniques<\/strong> : informations de connexion et de s\u00e9curit\u00e9 (ex. adresse IP, journaux techniques\/logs), n\u00e9cessaires au bon fonctionnement et \u00e0 la protection du site.<\/p>\n<\/li>\n<li data-section-id=\"11hvslg\" data-start=\"1016\" data-end=\"1199\">\n<p data-start=\"1018\" data-end=\"1199\"><strong data-start=\"1018\" data-end=\"1061\">Protection anti-spam (Google reCAPTCHA)<\/strong> : donn\u00e9es techniques permettant de lutter contre le spam et les abus lors de l\u2019envoi du formulaire. <span class=\"\" data-state=\"closed\"><\/span><\/p>\n<\/li>\n<li data-section-id=\"17p8n2l\" data-start=\"1200\" data-end=\"1389\">\n<p data-start=\"1202\" data-end=\"1389\"><strong data-start=\"1202\" data-end=\"1232\">Carte Google Maps int\u00e9gr\u00e9e<\/strong> : lorsque vous affichez la carte, Google peut traiter des donn\u00e9es (et utiliser des traceurs) selon ses propres r\u00e8gles. <span class=\"\" data-state=\"closed\"><\/span><\/p>\n<\/li>\n<li data-section-id=\"wjh66y\" data-start=\"1390\" data-end=\"1555\">\n<p data-start=\"1392\" data-end=\"1555\"><strong data-start=\"1392\" data-end=\"1414\">V\u00e9rification d\u2019\u00e2ge<\/strong> : si un syst\u00e8me de \u201cv\u00e9rification d\u2019\u00e2ge\u201d est activ\u00e9, un cookie\/stockage local peut m\u00e9moriser votre choix afin d\u2019\u00e9viter de vous le redemander.<\/p>\n<\/li>\n<\/ul>\n<h3 data-section-id=\"twosnt\" data-start=\"1557\" data-end=\"1590\">3) Finalit\u00e9s et bases l\u00e9gales<\/h3>\n<p data-start=\"1591\" data-end=\"1623\">Nous traitons vos donn\u00e9es pour :<\/p>\n<ul data-start=\"1624\" data-end=\"2183\">\n<li data-section-id=\"xkzjfb\" data-start=\"1624\" data-end=\"1824\">\n<p data-start=\"1626\" data-end=\"1824\"><strong data-start=\"1626\" data-end=\"1653\">R\u00e9pondre \u00e0 vos demandes<\/strong> (contact, informations, prise de rendez-vous) \u2014 <em data-start=\"1702\" data-end=\"1783\">base l\u00e9gale : int\u00e9r\u00eat l\u00e9gitime et\/ou mesures pr\u00e9contractuelles selon la demande<\/em>. <span class=\"\" data-state=\"closed\"><\/span><\/p>\n<\/li>\n<li data-section-id=\"15f8rg3\" data-start=\"1825\" data-end=\"1986\">\n<p data-start=\"1827\" data-end=\"1986\"><strong data-start=\"1827\" data-end=\"1873\">S\u00e9curiser le site et lutter contre le spam<\/strong> (ex. reCAPTCHA, pr\u00e9vention des abus) \u2014 <em data-start=\"1913\" data-end=\"1945\">base l\u00e9gale : int\u00e9r\u00eat l\u00e9gitime<\/em>. <span class=\"\" data-state=\"closed\"><\/span><\/p>\n<\/li>\n<li data-section-id=\"1q9gjo6\" data-start=\"1987\" data-end=\"2183\">\n<p data-start=\"1989\" data-end=\"2183\"><strong data-start=\"1989\" data-end=\"2028\">Afficher certains contenus externes<\/strong> (ex. carte Google Maps) \u2014 <em data-start=\"2055\" data-end=\"2142\">base l\u00e9gale : int\u00e9r\u00eat l\u00e9gitime et\/ou consentement lorsque des traceurs sont concern\u00e9s<\/em>. <span class=\"\" data-state=\"closed\"><\/span><\/p>\n<\/li>\n<\/ul>\n<p data-start=\"2185\" data-end=\"2268\"><strong data-start=\"2185\" data-end=\"2208\">Mesure d\u2019audience :<\/strong> nous n\u2019utilisons <strong data-start=\"2226\" data-end=\"2235\">aucun<\/strong> outil de statistiques\/analytics.<\/p>\n<h3 data-section-id=\"1y1ny79\" data-start=\"2270\" data-end=\"2302\">4) Destinataires des donn\u00e9es<\/h3>\n<p data-start=\"2303\" data-end=\"2344\">Vos donn\u00e9es sont accessibles uniquement :<\/p>\n<ul data-start=\"2345\" data-end=\"2684\">\n<li data-section-id=\"5k4pum\" data-start=\"2345\" data-end=\"2414\">\n<p data-start=\"2347\" data-end=\"2414\">aux personnes habilit\u00e9es au sein de <strong data-start=\"2383\" data-end=\"2413\">l\u2019EARL Domaine du Trapadis<\/strong>,<\/p>\n<\/li>\n<li data-section-id=\"1q320hj\" data-start=\"2415\" data-end=\"2523\">\n<p data-start=\"2417\" data-end=\"2523\">\u00e0 nos prestataires techniques (h\u00e9bergement, maintenance, messagerie), uniquement pour les besoins du site,<\/p>\n<\/li>\n<li data-section-id=\"rzg81j\" data-start=\"2524\" data-end=\"2684\">\n<p data-start=\"2526\" data-end=\"2684\">et, le cas \u00e9ch\u00e9ant, \u00e0 des tiers lorsque vous utilisez des services int\u00e9gr\u00e9s (ex. <strong data-start=\"2607\" data-end=\"2627\">Google reCAPTCHA<\/strong>, <strong data-start=\"2629\" data-end=\"2644\">Google Maps<\/strong>). <span class=\"\" data-state=\"closed\"><\/span><\/p>\n<\/li>\n<\/ul>\n<h3 data-section-id=\"admvm2\" data-start=\"2686\" data-end=\"2715\">5) Dur\u00e9es de conservation<\/h3>\n<ul data-start=\"2716\" data-end=\"3138\">\n<li data-section-id=\"ogetgk\" data-start=\"2716\" data-end=\"2794\">\n<p data-start=\"2718\" data-end=\"2794\"><strong data-start=\"2718\" data-end=\"2756\">Demandes via formulaire de contact<\/strong> : 12 mois apr\u00e8s le dernier \u00e9change.<\/p>\n<\/li>\n<li data-section-id=\"1owrcmj\" data-start=\"2795\" data-end=\"2908\">\n<p data-start=\"2797\" data-end=\"2908\"><strong data-start=\"2797\" data-end=\"2837\">Donn\u00e9es techniques \/ s\u00e9curit\u00e9 (logs)<\/strong> : jusqu\u2019\u00e0 12 mois (selon les contraintes techniques et de s\u00e9curit\u00e9).<\/p>\n<\/li>\n<li data-section-id=\"oauqet\" data-start=\"2909\" data-end=\"2994\">\n<p data-start=\"2911\" data-end=\"2994\"><strong data-start=\"2911\" data-end=\"2933\">V\u00e9rification d\u2019\u00e2ge<\/strong> : dur\u00e9e du \u201csouvenir\u201d selon le param\u00e9trage (ex. 30 jours).<\/p>\n<\/li>\n<li data-section-id=\"1h66ibl\" data-start=\"2995\" data-end=\"3138\">\n<p data-start=\"2997\" data-end=\"3138\"><strong data-start=\"2997\" data-end=\"3040\">Donn\u00e9es li\u00e9es \u00e0 reCAPTCHA \/ Google Maps<\/strong> : selon les dur\u00e9es et r\u00e8gles des services Google concern\u00e9s. <span class=\"\" data-state=\"closed\"><\/span><\/p>\n<\/li>\n<\/ul>\n<h3 data-section-id=\"1ko48dg\" data-start=\"3140\" data-end=\"3157\">6) Vos droits<\/h3>\n<p data-start=\"3158\" data-end=\"3595\">Conform\u00e9ment au RGPD, vous disposez des droits : <strong data-start=\"3207\" data-end=\"3216\">acc\u00e8s<\/strong>, <strong data-start=\"3218\" data-end=\"3235\">rectification<\/strong>, <strong data-start=\"3237\" data-end=\"3251\">effacement<\/strong>, <strong data-start=\"3253\" data-end=\"3267\">limitation<\/strong>, <strong data-start=\"3269\" data-end=\"3283\">opposition<\/strong>, et <strong data-start=\"3288\" data-end=\"3303\">portabilit\u00e9<\/strong> (selon les cas), ainsi que du <strong data-start=\"3334\" data-end=\"3361\">retrait du consentement<\/strong> lorsque celui-ci s\u2019applique. <span class=\"\" data-state=\"closed\"><\/span><br data-start=\"3428\" data-end=\"3431\" \/>Pour exercer vos droits : <strong data-start=\"3457\" data-end=\"3485\"><a data-start=\"3459\" data-end=\"3483\" class=\"decorated-link cursor-pointer\" rel=\"noopener\">hd@domainedutrapadis.com<span aria-hidden=\"true\" class=\"ms-0.5 inline-block align-middle leading-none\"><svg xmlns=\"http:\/\/www.w3.org\/2000\/svg\" width=\"20\" height=\"20\" aria-hidden=\"true\" data-rtl-flip=\"\" class=\"block h-[0.75em] w-[0.75em] stroke-current stroke-[0.75]\"><use href=\"\/cdn\/assets\/sprites-core-fk4oovux.svg#304883\" fill=\"currentColor\"><\/use><\/svg><\/span><\/a><\/strong>.<br data-start=\"3486\" data-end=\"3489\" \/>Vous pouvez \u00e9galement d\u00e9poser une r\u00e9clamation aupr\u00e8s de la <strong data-start=\"3548\" data-end=\"3556\">CNIL<\/strong>. <span class=\"\" data-state=\"closed\"><\/span><\/p>\n<h3 data-section-id=\"a0wycr\" data-start=\"3597\" data-end=\"3623\">7) Cookies et traceurs<\/h3>\n<p data-start=\"3624\" data-end=\"3935\">Le site peut utiliser des traceurs <strong data-start=\"3659\" data-end=\"3686\">strictement n\u00e9cessaires<\/strong> (fonctionnement, s\u00e9curit\u00e9\/anti-spam) et des traceurs li\u00e9s \u00e0 des <strong data-start=\"3751\" data-end=\"3769\">services tiers<\/strong> (ex. Google Maps, reCAPTCHA). Selon les cas, votre consentement peut \u00eatre requis avant le d\u00e9p\u00f4t\/lecture de certains traceurs. <span class=\"\" data-state=\"closed\"><\/span><\/p>\n<h3 data-section-id=\"gfhv8a\" data-start=\"3937\" data-end=\"3976\">8) Transferts hors Union Europ\u00e9enne<\/h3>\n<p data-start=\"3977\" data-end=\"4194\">L\u2019utilisation de services tiers (notamment Google) peut impliquer des transferts de donn\u00e9es hors de l\u2019Union Europ\u00e9enne, encadr\u00e9s par les m\u00e9canismes pr\u00e9vus par la r\u00e9glementation. <span class=\"\" data-state=\"closed\"><\/span><\/p>\n<h3 data-section-id=\"18rdud8\" data-start=\"4196\" data-end=\"4211\">9) S\u00e9curit\u00e9<\/h3>\n<p data-start=\"4212\" data-end=\"4435\">Nous mettons en \u0153uvre des mesures techniques et organisationnelles raisonnables pour prot\u00e9ger vos donn\u00e9es (contr\u00f4les d\u2019acc\u00e8s, mesures de s\u00e9curit\u00e9 serveur, protection anti-spam, etc.). <span class=\"\" data-state=\"closed\"><\/span><\/p>\n<h3 data-section-id=\"1w5lqm6\" data-start=\"4437\" data-end=\"4456\">10) Mise \u00e0 jour<\/h3>\n<p data-start=\"4457\" data-end=\"4548\">Nous pouvons modifier la pr\u00e9sente politique. La date de mise \u00e0 jour figure en haut de page.<\/p>\n<p>[\/et_pb_text][\/et_pb_column][\/et_pb_row][\/et_pb_section][et_pb_section fb_built=\u00a0\u00bb1&Prime; _builder_version=\u00a0\u00bb4.27.5&Prime; _module_preset=\u00a0\u00bbdefault\u00a0\u00bb background_color=\u00a0\u00bb#f7f7f7&Prime; custom_padding=\u00a0\u00bb0px||0px|||\u00a0\u00bb saved_tabs=\u00a0\u00bball\u00a0\u00bb global_colors_info=\u00a0\u00bb{}\u00a0\u00bb][et_pb_row column_structure=\u00a0\u00bb1_3,1_3,1_3&Prime; use_custom_gutter=\u00a0\u00bbon\u00a0\u00bb make_equal=\u00a0\u00bbon\u00a0\u00bb _builder_version=\u00a0\u00bb4.27.5&Prime; _module_preset=\u00a0\u00bbdefault\u00a0\u00bb module_alignment=\u00a0\u00bbcenter\u00a0\u00bb min_height=\u00a0\u00bb231.9px\u00a0\u00bb custom_margin=\u00a0\u00bb1px|-120px|15px|auto||\u00a0\u00bb custom_padding=\u00a0\u00bb0px||0px|||\u00a0\u00bb global_colors_info=\u00a0\u00bb{}\u00a0\u00bb][et_pb_column type=\u00a0\u00bb1_3&Prime; _builder_version=\u00a0\u00bb4.27.5&Prime; _module_preset=\u00a0\u00bbdefault\u00a0\u00bb global_colors_info=\u00a0\u00bb{}\u00a0\u00bb][et_pb_divider show_divider=\u00a0\u00bboff\u00a0\u00bb _builder_version=\u00a0\u00bb4.27.5&Prime; _module_preset=\u00a0\u00bbdefault\u00a0\u00bb custom_padding=\u00a0\u00bb||33px|||\u00a0\u00bb global_colors_info=\u00a0\u00bb{}\u00a0\u00bb][\/et_pb_divider][et_pb_text _builder_version=\u00a0\u00bb4.27.5&Prime; _module_preset=\u00a0\u00bbdefault\u00a0\u00bb min_height=\u00a0\u00bb109.2px\u00a0\u00bb custom_padding=\u00a0\u00bb0px||0px|||\u00a0\u00bb global_colors_info=\u00a0\u00bb{}\u00a0\u00bb]<\/p>\n<p style=\"text-align: center;\">\u00a02302 Route d\u2019Orange 84 110 RASTEAU<\/p>\n<p style=\"text-align: center;\">+33 4 90 46 11 20<\/p>\n<p style=\"text-align: center;\">hd@domainedutrapadis.com<\/p>\n<p>[\/et_pb_text][\/et_pb_column][et_pb_column type=\u00a0\u00bb1_3&Prime; _builder_version=\u00a0\u00bb4.27.5&Prime; _module_preset=\u00a0\u00bbdefault\u00a0\u00bb global_colors_info=\u00a0\u00bb{}\u00a0\u00bb][et_pb_divider show_divider=\u00a0\u00bboff\u00a0\u00bb _builder_version=\u00a0\u00bb4.27.5&Prime; _module_preset=\u00a0\u00bbdefault\u00a0\u00bb custom_padding=\u00a0\u00bb||10px|||\u00a0\u00bb global_colors_info=\u00a0\u00bb{}\u00a0\u00bb][\/et_pb_divider][et_pb_image src=\u00a0\u00bbhttps:\/\/www.domainedutrapadis.com\/wp-content\/uploads\/2026\/02\/logo2010-copie.png\u00a0\u00bb title_text=\u00a0\u00bblogo2010 copie\u00a0\u00bb _builder_version=\u00a0\u00bb4.27.5&Prime; _module_preset=\u00a0\u00bbdefault\u00a0\u00bb custom_padding=\u00a0\u00bb0px|||||\u00a0\u00bb global_colors_info=\u00a0\u00bb{}\u00a0\u00bb][\/et_pb_image][\/et_pb_column][et_pb_column type=\u00a0\u00bb1_3&Prime; _builder_version=\u00a0\u00bb4.27.5&Prime; _module_preset=\u00a0\u00bbdefault\u00a0\u00bb global_colors_info=\u00a0\u00bb{}\u00a0\u00bb][et_pb_social_media_follow _builder_version=\u00a0\u00bb4.27.5&Prime; _module_preset=\u00a0\u00bbdefault\u00a0\u00bb text_orientation=\u00a0\u00bbcenter\u00a0\u00bb width=\u00a0\u00bb100%\u00a0\u00bb max_width=\u00a0\u00bb100%\u00a0\u00bb module_alignment=\u00a0\u00bbcenter\u00a0\u00bb min_height=\u00a0\u00bb81px\u00a0\u00bb custom_margin=\u00a0\u00bb19px||-5px||false|false\u00a0\u00bb custom_padding=\u00a0\u00bb19px||2px|||\u00a0\u00bb global_colors_info=\u00a0\u00bb{}\u00a0\u00bb][et_pb_social_media_follow_network social_network=\u00a0\u00bbfacebook\u00a0\u00bb _builder_version=\u00a0\u00bb4.27.5&Prime; _module_preset=\u00a0\u00bbdefault\u00a0\u00bb background_color=\u00a0\u00bb#3b5998&Prime; global_colors_info=\u00a0\u00bb{}\u00a0\u00bb follow_button=\u00a0\u00bboff\u00a0\u00bb url_new_window=\u00a0\u00bbon\u00a0\u00bb]facebook[\/et_pb_social_media_follow_network][et_pb_social_media_follow_network social_network=\u00a0\u00bbinstagram\u00a0\u00bb _builder_version=\u00a0\u00bb4.27.5&Prime; _module_preset=\u00a0\u00bbdefault\u00a0\u00bb background_color=\u00a0\u00bb#ea2c59&Prime; global_colors_info=\u00a0\u00bb{}\u00a0\u00bb follow_button=\u00a0\u00bboff\u00a0\u00bb url_new_window=\u00a0\u00bbon\u00a0\u00bb]instagram[\/et_pb_social_media_follow_network][\/et_pb_social_media_follow][et_pb_image src=\u00a0\u00bbhttps:\/\/www.domainedutrapadis.com\/wp-content\/uploads\/2026\/03\/logo-ab-eurofeuille.webp\u00a0\u00bb title_text=\u00a0\u00bblogo-ab-eurofeuille\u00a0\u00bb _builder_version=\u00a0\u00bb4.27.5&Prime; _module_preset=\u00a0\u00bbdefault\u00a0\u00bb custom_padding=\u00a0\u00bb|102px||102px||true\u00a0\u00bb global_colors_info=\u00a0\u00bb{}\u00a0\u00bb][\/et_pb_image][et_pb_image src=\u00a0\u00bbhttps:\/\/www.domainedutrapadis.com\/wp-content\/uploads\/2026\/03\/logo-biodyvin.png\u00a0\u00bb title_text=\u00a0\u00bblogo-biodyvin\u00a0\u00bb _builder_version=\u00a0\u00bb4.27.5&Prime; _module_preset=\u00a0\u00bbdefault\u00a0\u00bb custom_margin=\u00a0\u00bb-5px|||||\u00a0\u00bb custom_padding=\u00a0\u00bb|102px||102px||true\u00a0\u00bb global_colors_info=\u00a0\u00bb{}\u00a0\u00bb][\/et_pb_image][\/et_pb_column][\/et_pb_row][et_pb_row _builder_version=\u00a0\u00bb4.27.5&Prime; _module_preset=\u00a0\u00bbdefault\u00a0\u00bb custom_padding=\u00a0\u00bb6px||4px|||\u00a0\u00bb global_colors_info=\u00a0\u00bb{}\u00a0\u00bb][et_pb_column type=\u00a0\u00bb4_4&Prime; _builder_version=\u00a0\u00bb4.27.5&Prime; _module_preset=\u00a0\u00bbdefault\u00a0\u00bb global_colors_info=\u00a0\u00bb{}\u00a0\u00bb][et_pb_text _builder_version=\u00a0\u00bb4.27.5&Prime; _module_preset=\u00a0\u00bbdefault\u00a0\u00bb global_colors_info=\u00a0\u00bb{}\u00a0\u00bb]<\/p>\n<p style=\"text-align: center;\">L\u2019abus d\u2019alcool est dangereux pour la sant\u00e9. \u00c0 Consommer avec mod\u00e9ration.<\/p>\n<p>[\/et_pb_text][\/et_pb_column][\/et_pb_row][et_pb_row _builder_version=\u00a0\u00bb4.27.5&Prime; _module_preset=\u00a0\u00bbdefault\u00a0\u00bb custom_padding=\u00a0\u00bb6px||4px|||\u00a0\u00bb global_colors_info=\u00a0\u00bb{}\u00a0\u00bb][et_pb_column type=\u00a0\u00bb4_4&Prime; _builder_version=\u00a0\u00bb4.27.5&Prime; _module_preset=\u00a0\u00bbdefault\u00a0\u00bb global_colors_info=\u00a0\u00bb{}\u00a0\u00bb][et_pb_text _builder_version=\u00a0\u00bb4.27.5&Prime; _module_preset=\u00a0\u00bbdefault\u00a0\u00bb text_letter_spacing=\u00a0\u00bb2px\u00a0\u00bb global_colors_info=\u00a0\u00bb{}\u00a0\u00bb]<\/p>\n<p style=\"text-align: center;\">Mentions l\u00e9gales &#8211; Politique de confidentialit\u00e9 &#8211; Conditions g\u00e9n\u00e9rales de ventes<\/p>\n<p>[\/et_pb_text][\/et_pb_column][\/et_pb_row][\/et_pb_section]<\/p>\n","protected":false},"excerpt":{"rendered":"<p>Derni\u00e8re mise \u00e0 jour : 11\/03\/2026 1) Responsable de traitement Les donn\u00e9es personnelles collect\u00e9es sur ce site sont trait\u00e9es par :EARL Domaine du TrapadisAdresse : 2302 Route d\u2019Orange, 84110 Rasteau (France)Email (contact RGPD) : hd@domainedutrapadis.com 2) Donn\u00e9es collect\u00e9es Nous collectons uniquement les donn\u00e9es n\u00e9cessaires selon votre usage du site : Formulaire de contact : nom\/pr\u00e9nom, [&hellip;]<\/p>\n","protected":false},"author":2,"featured_media":0,"parent":0,"menu_order":0,"comment_status":"closed","ping_status":"closed","template":"","meta":{"_et_pb_use_builder":"on","_et_pb_old_content":"<!-- wp:divi\/placeholder \/-->","_et_gb_content_width":"","footnotes":""},"class_list":["post-875","page","type-page","status-publish","hentry"],"_links":{"self":[{"href":"https:\/\/www.domainedutrapadis.com\/en\/wp-json\/wp\/v2\/pages\/875","targetHints":{"allow":["GET"]}}],"collection":[{"href":"https:\/\/www.domainedutrapadis.com\/en\/wp-json\/wp\/v2\/pages"}],"about":[{"href":"https:\/\/www.domainedutrapadis.com\/en\/wp-json\/wp\/v2\/types\/page"}],"author":[{"embeddable":true,"href":"https:\/\/www.domainedutrapadis.com\/en\/wp-json\/wp\/v2\/users\/2"}],"replies":[{"embeddable":true,"href":"https:\/\/www.domainedutrapadis.com\/en\/wp-json\/wp\/v2\/comments?post=875"}],"version-history":[{"count":4,"href":"https:\/\/www.domainedutrapadis.com\/en\/wp-json\/wp\/v2\/pages\/875\/revisions"}],"predecessor-version":[{"id":880,"href":"https:\/\/www.domainedutrapadis.com\/en\/wp-json\/wp\/v2\/pages\/875\/revisions\/880"}],"wp:attachment":[{"href":"https:\/\/www.domainedutrapadis.com\/en\/wp-json\/wp\/v2\/media?parent=875"}],"curies":[{"name":"wp","href":"https:\/\/api.w.org\/{rel}","templated":true}]}}